{"id":3163,"date":"2019-06-01T11:25:39","date_gmt":"2019-06-01T09:25:39","guid":{"rendered":"http:\/\/www.hotelalnuovoporto.it\/?page_id=3163"},"modified":"2019-06-01T11:25:39","modified_gmt":"2019-06-01T09:25:39","slug":"meilleur-hotel-pour-voyages-d-affaires-en-rimini-bellaria-cesenatico","status":"publish","type":"page","link":"https:\/\/www.hotelalnuovoporto.it\/fr\/meilleur-hotel-pour-voyages-d-affaires-en-rimini-bellaria-cesenatico\/","title":{"rendered":"BUSINESS"},"content":{"rendered":"<p>Au Hotel al Nuovo Porto, le Hall a \u00e9t\u00e9 pens\u00e9 pour accueillir, il y a en effet de grands espaces. C\u2019est l\u2019id\u00e9al pour le partage, le point de rencontre o\u00f9 s\u2019arr\u00eater pour discuter, travailler sur l\u2019ordinateur, socialiser sur le web ou sur ce que vous vivez. L\u2019environnement est relaxant pour inspirer des id\u00e9es, des connexions, des amiti\u00e9s!<\/p>\n<p><strong>CONNEXION<\/strong><\/p>\n<p>Feuilleter un magazine, bavarder deux fois, vous d\u00e9tendre, vous connecter au web, pique-niquer quelque chose dans notre bar ou tout simplement socialiser. Il y a beaucoup de choses que vous pouvez faire dans notre Social Lounge. Un espace que vous pouvez vivre comme un grand appartement! Peut-\u00eatre avez-vous juste envie de ne pas penser et jouer \u00e0 Candy crush, ou de boire un verre en compagnie\u00a0: profitez du confort de la terrasse panoramique, avec piscine et jacuzzi, vous pouvez vous d\u00e9tendre au soleil ou vous ne pouvez pas vous entra\u00eener dans notre salle de fitness<\/p>\n<p><strong>TRAVAIL<\/strong><br \/>\nAu Hotel al Nuovo Porto nos clients d\u2019affaires nous avons cr\u00e9\u00e9 un espace pour ceux qui en voyage d\u2019affaires veulent rencontrer des clients et des fournisseurs!<br \/>\nVous pouvez tout simplement r\u00e9server votre Bureau. Plus de r\u00e9union ennuyeuse dans des salles tristes et toutes les m\u00eames! Pour les rencontres, choisissez notre service PERSONAL-OFFICE et si vous voulez vous d\u00e9tendre apr\u00e8s le travail, vous pouvez prendre un verre dans notre bar.<\/p>\n<p>Vous voulez en savoir plus<\/p>\n<table style=\"border-color: #f0e113;background-color: #e6e61c;width: 173px;height: 31px\">\n<tbody>\n<tr>\n<td style=\"width: 163.667px\"><span class=\"st\"><a href=\"#form-contatti\"><em>CONTACTEZ-NOUS<\/em><\/a><\/span><\/td>\n<\/tr>\n<\/tbody>\n<\/table>\n<p>&nbsp;<\/p>\n","protected":false},"excerpt":{"rendered":"<p>Au Hotel al Nuovo Porto, le Hall a \u00e9t\u00e9 pens\u00e9 pour accueillir, il y a en effet de grands espaces. C\u2019est l\u2019id\u00e9al pour le partage, le point de rencontre o\u00f9 s\u2019arr\u00eater pour discuter, travailler sur l\u2019ordinateur, socialiser sur le web ou sur ce que vous vivez. L\u2019environnement est relaxant pour inspirer des id\u00e9es, des connexions, des amiti\u00e9s! CONNEXION Feuilleter un magazine, bavarder deux fois, vous d\u00e9tendre, vous connecter au web, &#8230;<\/p>\n","protected":false},"author":4,"featured_media":0,"parent":0,"menu_order":5,"comment_status":"closed","ping_status":"closed","template":"","meta":[],"acf":[],"_links":{"self":[{"href":"https:\/\/www.hotelalnuovoporto.it\/fr\/wp-json\/wp\/v2\/pages\/3163\/"}],"collection":[{"href":"https:\/\/www.hotelalnuovoporto.it\/fr\/wp-json\/wp\/v2\/pages\/"}],"about":[{"href":"https:\/\/www.hotelalnuovoporto.it\/fr\/wp-json\/wp\/v2\/types\/page\/"}],"author":[{"embeddable":true,"href":"https:\/\/www.hotelalnuovoporto.it\/fr\/wp-json\/wp\/v2\/users\/4\/"}],"replies":[{"embeddable":true,"href":"https:\/\/www.hotelalnuovoporto.it\/fr\/wp-json\/wp\/v2\/comments\/?post=3163"}],"version-history":[{"count":0,"href":"https:\/\/www.hotelalnuovoporto.it\/fr\/wp-json\/wp\/v2\/pages\/3163\/revisions\/"}],"wp:attachment":[{"href":"https:\/\/www.hotelalnuovoporto.it\/fr\/wp-json\/wp\/v2\/media\/?parent=3163"}],"curies":[{"name":"wp","href":"https:\/\/api.w.org\/{rel}","templated":true}]}}