{"id":287,"date":"2017-04-13T11:45:59","date_gmt":"2017-04-13T09:45:59","guid":{"rendered":"http:\/\/www.hotelalnuovoporto.it\/dove-siamo\/"},"modified":"2018-04-05T19:44:45","modified_gmt":"2018-04-05T17:44:45","slug":"ou-sommes-nous","status":"publish","type":"page","link":"https:\/\/www.hotelalnuovoporto.it\/fr\/ou-sommes-nous\/","title":{"rendered":"O\u00f9 sommes-nous"},"content":{"rendered":"<p><strong>Bellaria Igea Marina<\/strong> est historiquement connue comme une station touristique agr\u00e9able \u00e0 taille humaine, o\u00f9 vous pouvez respirer profond\u00e9ment une brise populaire agr\u00e9able, qui monte la vague de s\u00e9r\u00e9nit\u00e9 et d&rsquo;authenticit\u00e9; caract\u00e9ristiques cl\u00e9s de cette pi\u00e8ce pr\u00e9cieuse du c\u0153ur de la Romagne.<\/p>\n<p>Le port a toujours \u00e9t\u00e9 l&rsquo;un des piliers vitaux les plus importants de la vie de la cit\u00e9 Bellaria. Donner un petit coup d&rsquo;\u0153il sur le pass\u00e9, depuis la fin du XIXe si\u00e8cle, sur le c\u00f4t\u00e9 gauche de l&#8217;embouchure de la rivi\u00e8re Uso (qui divise la ville en deux), un repaire de maisons primordiales, \u00e0 l&rsquo;origine des huttes habit\u00e9es par des p\u00eacheurs, a domin\u00e9 le aper\u00e7u du port o\u00f9 les bateaux \u00e9taient amarr\u00e9s , car il est consid\u00e9r\u00e9 comme un refuge portuaire.<\/p>\n<p>Le vol de mouettes au cr\u00e9puscule de la journ\u00e9e, est une tra\u00een\u00e9e blanche dans le ciel qui accompagne un retour silencieux \u00e0 la maison des bateaux, laissant tomber le rideau sur cet aper\u00e7u fascinant de la vie citadine et c\u00e8de la place \u00e0 la soir\u00e9e.<br \/>\nSitu\u00e9 dans une station baln\u00e9aire, qui tire en partie son nom de la figure mythologique de la d\u00e9esse grecque \u00ab Igea \u00bb fille d&rsquo;Ascl\u00e9pios, l&rsquo;h\u00f4tel al Nuovo Porto est un excellent centre pour les voyageurs qui aiment passer leurs vacances en toute libert\u00e9, pour d\u00e9couvrir le folklore de la Romagne, notre grande fiert\u00e9 nationale, et pour ceux qui veulent profiter de la vie nocturne, plonger dans la c\u00e9l\u00e8bre vie nocturne de la c\u00f4te adriatique.<br \/>\n<strong>C&rsquo;est d&rsquo;ici que l&rsquo;h\u00f4tel AL NUOVO PORTO<\/strong> prend son nom. La vue romantique le long du port canal de cette ville est la v\u00e9ritable carte de visite pour profiter pleinement de cette ville pittoresque qui na\u00eet et d\u00e9veloppe toutes ses attractions le long de sept kilom\u00e8tres de littoral.<\/p>\n<p><strong>* L&rsquo;H\u00f4tel Al Nuovo Porto est un micro univers<\/strong> pour les voyageurs contemporains, curieux et hyper-connect\u00e9s au monde; C&rsquo;est l&rsquo;endroit id\u00e9al pour ceux qui veulent passer leurs vacances avec un regard destin\u00e9 \u00e0 des vacances reposantes, mais qui ne perd pas le go\u00fbt du voyage et de l&rsquo;exploration.<br \/>\nId\u00e9al pour ceux qui recherchent en permanence un apport fantaisiste, pour tous les gourmands du num\u00e9rique et pour les professionnels curieux et amateurs de changement, et en m\u00eame temps, c&rsquo;est aussi un berceau enchanteur pour les familles qui aiment passer leurs vacances immerg\u00e9es dans l&rsquo;air agr\u00e9able de Romagne , accueillant \u00e0 ses invit\u00e9s juste pour l&rsquo;\u00e9treinte chaleureuse du go\u00fbt de la maison qui sait g\u00e9n\u00e9reusement toujours donner.<\/p>\n","protected":false},"excerpt":{"rendered":"<p>Bellaria Igea Marina est historiquement connue comme une station touristique agr\u00e9able \u00e0 taille humaine, o\u00f9 vous pouvez respirer profond\u00e9ment une brise populaire agr\u00e9able, qui monte la vague de s\u00e9r\u00e9nit\u00e9 et d&rsquo;authenticit\u00e9; caract\u00e9ristiques cl\u00e9s de cette pi\u00e8ce pr\u00e9cieuse du c\u0153ur de la Romagne. Le port a toujours \u00e9t\u00e9 l&rsquo;un des piliers vitaux les plus importants de la vie de la cit\u00e9 Bellaria. Donner un petit coup d&rsquo;\u0153il sur le pass\u00e9, depuis &#8230;<\/p>\n","protected":false},"author":1,"featured_media":0,"parent":0,"menu_order":40,"comment_status":"closed","ping_status":"closed","template":"template\/template.mappa.php","meta":[],"acf":[],"_links":{"self":[{"href":"https:\/\/www.hotelalnuovoporto.it\/fr\/wp-json\/wp\/v2\/pages\/287\/"}],"collection":[{"href":"https:\/\/www.hotelalnuovoporto.it\/fr\/wp-json\/wp\/v2\/pages\/"}],"about":[{"href":"https:\/\/www.hotelalnuovoporto.it\/fr\/wp-json\/wp\/v2\/types\/page\/"}],"author":[{"embeddable":true,"href":"https:\/\/www.hotelalnuovoporto.it\/fr\/wp-json\/wp\/v2\/users\/1\/"}],"replies":[{"embeddable":true,"href":"https:\/\/www.hotelalnuovoporto.it\/fr\/wp-json\/wp\/v2\/comments\/?post=287"}],"version-history":[{"count":0,"href":"https:\/\/www.hotelalnuovoporto.it\/fr\/wp-json\/wp\/v2\/pages\/287\/revisions\/"}],"wp:attachment":[{"href":"https:\/\/www.hotelalnuovoporto.it\/fr\/wp-json\/wp\/v2\/media\/?parent=287"}],"curies":[{"name":"wp","href":"https:\/\/api.w.org\/{rel}","templated":true}]}}