{"id":259,"date":"2017-04-07T12:24:04","date_gmt":"2017-04-07T10:24:04","guid":{"rendered":"http:\/\/www.hotelalnuovoporto.it\/camere\/"},"modified":"2019-03-01T09:46:42","modified_gmt":"2019-03-01T08:46:42","slug":"camere","status":"publish","type":"page","link":"https:\/\/www.hotelalnuovoporto.it\/fr\/camere\/","title":{"rendered":"CHAMBRES"},"content":{"rendered":"<p>&nbsp;<\/p>\n<p>Nos chambres sont compos\u00e9es d&rsquo;\u00e9l\u00e9ments design et de meubles cr\u00e9atifs, se pr\u00e9sentant \u00e0 nos h\u00f4tes comme un petit microcosme accueillant et original.<br \/>\nAfin de donner environnement plus large et d&rsquo;augmenter l&rsquo;espace \u00e0 la pi\u00e8ce , un balcon est attach\u00e9 \u00e0 chaque chambre qui, en tant qu&rsquo;espace ext\u00e9rieur, est un espace de d\u00e9tente et de confort m\u00eame pour vos amis \u00e0 4 pattes..<\/p>\n<h2 style=\"text-align: center;\">DEUX TYPOLOGIE DE CHAMBRES :<\/h2>\n","protected":false},"excerpt":{"rendered":"<p>&nbsp; Nos chambres sont compos\u00e9es d&rsquo;\u00e9l\u00e9ments design et de meubles cr\u00e9atifs, se pr\u00e9sentant \u00e0 nos h\u00f4tes comme un petit microcosme accueillant et original. Afin de donner environnement plus large et d&rsquo;augmenter l&rsquo;espace \u00e0 la pi\u00e8ce , un balcon est attach\u00e9 \u00e0 chaque chambre qui, en tant qu&rsquo;espace ext\u00e9rieur, est un espace de d\u00e9tente et de confort m\u00eame pour vos amis \u00e0 4 pattes.. DEUX TYPOLOGIE DE CHAMBRES :<\/p>\n","protected":false},"author":1,"featured_media":0,"parent":0,"menu_order":25,"comment_status":"closed","ping_status":"closed","template":"template\/template.tutta-pagina.php","meta":[],"acf":[],"_links":{"self":[{"href":"https:\/\/www.hotelalnuovoporto.it\/fr\/wp-json\/wp\/v2\/pages\/259\/"}],"collection":[{"href":"https:\/\/www.hotelalnuovoporto.it\/fr\/wp-json\/wp\/v2\/pages\/"}],"about":[{"href":"https:\/\/www.hotelalnuovoporto.it\/fr\/wp-json\/wp\/v2\/types\/page\/"}],"author":[{"embeddable":true,"href":"https:\/\/www.hotelalnuovoporto.it\/fr\/wp-json\/wp\/v2\/users\/1\/"}],"replies":[{"embeddable":true,"href":"https:\/\/www.hotelalnuovoporto.it\/fr\/wp-json\/wp\/v2\/comments\/?post=259"}],"version-history":[{"count":0,"href":"https:\/\/www.hotelalnuovoporto.it\/fr\/wp-json\/wp\/v2\/pages\/259\/revisions\/"}],"wp:attachment":[{"href":"https:\/\/www.hotelalnuovoporto.it\/fr\/wp-json\/wp\/v2\/media\/?parent=259"}],"curies":[{"name":"wp","href":"https:\/\/api.w.org\/{rel}","templated":true}]}}