{"id":257,"date":"2018-02-09T10:36:42","date_gmt":"2018-02-09T09:36:42","guid":{"rendered":"http:\/\/www.hotelalnuovoporto.it\/i-vantaggi\/"},"modified":"2018-04-02T18:44:46","modified_gmt":"2018-04-02T16:44:46","slug":"bellaria-les-avantages","status":"publish","type":"page","link":"https:\/\/www.hotelalnuovoporto.it\/fr\/bellaria-les-avantages\/","title":{"rendered":"LES AVANTAGES"},"content":{"rendered":"<h2>Le rythme de la vacances est \u00e0 vous! Nous sommes \u00e0 votre disposition 24h \/ 24.<\/h2>\n<div style=\"float: left;padding-right: 25px\"><img loading=\"lazy\" class=\"alignnone wp-image-181\" src=\"http:\/\/www.hotelalnuovoporto.it\/wp-content\/uploads\/2018\/02\/quick-bar.png\" alt=\"\" width=\"184\" height=\"186\" \/><\/div>\n<p style=\"padding-top: 20px\"><strong>Notre \u00ab quick bar \u00bb tr\u00e8s bien approvisionn\u00e9 est toujours ouvert<\/strong>, juste pour satisfaire votre petite faim \u00e0 tout moment de la journ\u00e9e et m\u00eame tard le soir!<\/p>\n<div style=\"clear: both;padding: 20px 0px\"><\/div>\n<div style=\"float: left;padding-right: 25px\"><img loading=\"lazy\" class=\"alignnone wp-image-229 \" src=\"http:\/\/www.hotelalnuovoporto.it\/wp-content\/uploads\/2018\/03\/FR_Breakfast.png\" alt=\"\" width=\"185\" height=\"187\" \/><\/div>\n<p style=\"padding-top: 20px\">Aimeriez-vous briser le silence du sommeil en fin de matin\u00e9e, en esp\u00e9rant que le buffet du petit-d\u00e9jeuner n&rsquo;ait pas d\u00e9j\u00e0 \u00e9t\u00e9 retir\u00e9 du hall? <strong>Notre salle de petit-d\u00e9jeuner est ouverte et fonctionne jusqu&rsquo;\u00e0 13h!<\/strong><br \/>\nPour les guerriers de la nuit, les amoureux des petites heures ou pour tous ceux qui veulent profiter de la matin\u00e9e en se reposant dans les draps de la chambre, nous donnons la possibilit\u00e9 de profiter de notre service petit-d\u00e9jeuner et brunch jusqu&rsquo;\u00e0 13h! Notre point fort joue sur l&rsquo;\u00e9lasticit\u00e9 de l&rsquo;\u00e9poque et sur l&rsquo;attention particuli\u00e8re apport\u00e9e aux produits faits \u00e0 la main de nos clients, fabriqu\u00e9s avec des mat\u00e9riaux naturels et frais de premi\u00e8re qualit\u00e9. Nous accordons une attention particuli\u00e8re \u00e0 tous ceux qui ont des allergies alimentaires, en mettant en place un petit coin avec des produits biologiques et sans gluten. Afin de promouvoir votre \u00abotium\u00bb et de l&rsquo;honorer au mieux, nous vous proposons un d\u00e9part tardif jusqu&rsquo;\u00e0 13h00, vous permettant ainsi de quitter vos chambres en toute tranquillit\u00e9.<\/p>\n<div style=\"clear: both;padding: 20px 0px\"><\/div>\n<div style=\"float: left;padding-right: 25px\"><img loading=\"lazy\" class=\"alignnone wp-image-183\" src=\"http:\/\/www.hotelalnuovoporto.it\/wp-content\/uploads\/2018\/02\/wifi.png\" alt=\"\" width=\"184\" height=\"186\" \/><\/div>\n<p style=\"padding-top: 20px\"><strong>\u00ab\u00a0Stay connected\u00a0\u00bb <\/strong>Restez connect\u00e9! Vous pouvez utiliser \u00e0 tout moment de la journ\u00e9e notre connexion Wi-Fi, se d\u00e9tendre dans notre confortable \u00ab Salon social \u00bb..<\/p>\n<div style=\"clear: both;padding: 20px 0px\"><\/div>\n","protected":false},"excerpt":{"rendered":"<p>Le rythme de la vacances est \u00e0 vous! Nous sommes \u00e0 votre disposition 24h \/ 24. Notre \u00ab quick bar \u00bb tr\u00e8s bien approvisionn\u00e9 est toujours ouvert, juste pour satisfaire votre petite faim \u00e0 tout moment de la journ\u00e9e et m\u00eame tard le soir! Aimeriez-vous briser le silence du sommeil en fin de matin\u00e9e, en esp\u00e9rant que le buffet du petit-d\u00e9jeuner n&rsquo;ait pas d\u00e9j\u00e0 \u00e9t\u00e9 retir\u00e9 du hall? Notre salle &#8230;<\/p>\n","protected":false},"author":1,"featured_media":0,"parent":0,"menu_order":20,"comment_status":"closed","ping_status":"closed","template":"","meta":[],"acf":[],"_links":{"self":[{"href":"https:\/\/www.hotelalnuovoporto.it\/fr\/wp-json\/wp\/v2\/pages\/257\/"}],"collection":[{"href":"https:\/\/www.hotelalnuovoporto.it\/fr\/wp-json\/wp\/v2\/pages\/"}],"about":[{"href":"https:\/\/www.hotelalnuovoporto.it\/fr\/wp-json\/wp\/v2\/types\/page\/"}],"author":[{"embeddable":true,"href":"https:\/\/www.hotelalnuovoporto.it\/fr\/wp-json\/wp\/v2\/users\/1\/"}],"replies":[{"embeddable":true,"href":"https:\/\/www.hotelalnuovoporto.it\/fr\/wp-json\/wp\/v2\/comments\/?post=257"}],"version-history":[{"count":0,"href":"https:\/\/www.hotelalnuovoporto.it\/fr\/wp-json\/wp\/v2\/pages\/257\/revisions\/"}],"wp:attachment":[{"href":"https:\/\/www.hotelalnuovoporto.it\/fr\/wp-json\/wp\/v2\/media\/?parent=257"}],"curies":[{"name":"wp","href":"https:\/\/api.w.org\/{rel}","templated":true}]}}