{"id":255,"date":"2016-07-29T12:11:55","date_gmt":"2016-07-29T10:11:55","guid":{"rendered":"http:\/\/www.hotelalnuovoporto.it\/pagina-di-esempio\/"},"modified":"2018-04-02T18:28:11","modified_gmt":"2018-04-02T16:28:11","slug":"pagina-di-esempio","status":"publish","type":"page","link":"https:\/\/www.hotelalnuovoporto.it\/fr\/","title":{"rendered":"Votre \u201cBed, Breakfast &amp; Brunch\u201d"},"content":{"rendered":"<h2>Directement sur la mer \u00e0 Bellaria Igea Marina<\/h2>\n<p>Un accueil chaleureux \u00e0 l&rsquo;H\u00f4tel au Nouveau Port, une \u201cUnique Personne\u201d qui aime sentir les exp\u00e9riences qui font la diff\u00e9rence.<br \/>\nAccueil signifie prendre soin de leurs invit\u00e9s, ce qui les rend sentir unique d\u00e8s les premi\u00e8res heures du matin.<br \/>\nLe r\u00e9veil, par exemple, est l&rsquo;une des parties du jour le plus important et nous pr\u00e9parons pour vous un petit d\u00e9jeuner copieux!<br \/>\nLe parfum du lait chaud, du beurre et de la farine est lib\u00e9r\u00e9e de nos g\u00e2teaux faits \u00e0 la main tous les jours, des moelleuses pancake et le <strong>riche buffet<\/strong> qui compl\u00e8te la proposition du menu \u00e0 la carte. Mes collaborateurs et moi<strong> sommes toujours pr\u00e9sents<\/strong>, pr\u00eats \u00e0 \u00e9couter et \u00e0 satisfaire vos demandes!<br \/>\nAvec nous vous ferez l&rsquo;exp\u00e9rience de d\u00e9tente,en choisissant le mieux !<br \/>\n<strong>Bienvenue dans ce petit coin de paix &#8230;<\/strong><\/p>\n","protected":false},"excerpt":{"rendered":"<p>Directement sur la mer \u00e0 Bellaria Igea Marina Un accueil chaleureux \u00e0 l&rsquo;H\u00f4tel au Nouveau Port, une \u201cUnique Personne\u201d qui aime sentir les exp\u00e9riences qui font la diff\u00e9rence. Accueil signifie prendre soin de leurs invit\u00e9s, ce qui les rend sentir unique d\u00e8s les premi\u00e8res heures du matin. Le r\u00e9veil, par exemple, est l&rsquo;une des parties du jour le plus important et nous pr\u00e9parons pour vous un petit d\u00e9jeuner copieux! Le &#8230;<\/p>\n","protected":false},"author":1,"featured_media":0,"parent":0,"menu_order":10,"comment_status":"closed","ping_status":"open","template":"","meta":[],"acf":[],"_links":{"self":[{"href":"https:\/\/www.hotelalnuovoporto.it\/fr\/wp-json\/wp\/v2\/pages\/255\/"}],"collection":[{"href":"https:\/\/www.hotelalnuovoporto.it\/fr\/wp-json\/wp\/v2\/pages\/"}],"about":[{"href":"https:\/\/www.hotelalnuovoporto.it\/fr\/wp-json\/wp\/v2\/types\/page\/"}],"author":[{"embeddable":true,"href":"https:\/\/www.hotelalnuovoporto.it\/fr\/wp-json\/wp\/v2\/users\/1\/"}],"replies":[{"embeddable":true,"href":"https:\/\/www.hotelalnuovoporto.it\/fr\/wp-json\/wp\/v2\/comments\/?post=255"}],"version-history":[{"count":0,"href":"https:\/\/www.hotelalnuovoporto.it\/fr\/wp-json\/wp\/v2\/pages\/255\/revisions\/"}],"wp:attachment":[{"href":"https:\/\/www.hotelalnuovoporto.it\/fr\/wp-json\/wp\/v2\/media\/?parent=255"}],"curies":[{"name":"wp","href":"https:\/\/api.w.org\/{rel}","templated":true}]}}