{"id":2833,"date":"2019-04-02T22:07:13","date_gmt":"2019-04-02T20:07:13","guid":{"rendered":"http:\/\/www.hotelalnuovoporto.it\/?page_id=2833"},"modified":"2019-04-02T22:15:19","modified_gmt":"2019-04-02T20:15:19","slug":"business-rimini-bellaria-geschaeftsreisen-und-geschaeftstreffen","status":"publish","type":"page","link":"https:\/\/www.hotelalnuovoporto.it\/de\/business-rimini-bellaria-geschaeftsreisen-und-geschaeftstreffen\/","title":{"rendered":"BUSINESS"},"content":{"rendered":"<p>Die Halle des Hotels al Nuovo Porto wurde so konzipiert, damit Sie sich empfangen f\u00fchlen, das zeigen auch tats\u00e4chlich die gro\u00dfen Fl\u00e4chen. Es ist den idealen Treffpunkt, wo Sie miteinander reden k\u00f6nnen, am Computer arbeiten k\u00f6nnen,im Internet Kontakte kn\u00fcpfen oder wo Sie erz\u00e4hlen k\u00f6nnen, was Sie erleben. Die Atmosph\u00e4re des Hotels bietet Ihnen die M\u00f6glichkeit an, sich zu entspannen; es ist eine Wiege f\u00fcr Ideen, Verbindungen und Freundschaften.<\/p>\n<h3>VERBINDUNGEN<\/h3>\n<p>Zeitschriften durchbl\u00e4ttern,miteinander reden,sich ausruhen, im Internet surfen, etwas aus unserer Bar knabbern oder einfach neue Leute kennen lernen: unsere \u00a0Social Lounge bietet Ihnen viele M\u00f6glichkeiten an. Ein Raum, in dem Sie wie in einer riesigen Wohnung wohnen k\u00f6nnen! Vielleicht wollen Sie einfach den Kopf frei bekommen und Candy Crush spielen, oder einen Drink in guter Gesellschaft trinken: Genie\u00dfen Sie den vollen Komfort der Panoramaterrasse, mit Swimmingpool und Jacuzzi; Sie k\u00f6nnen sich in der Sonne entspannen oder in unserer Fitnessecke trainieren.<\/p>\n<h3>ARBEIT<\/h3>\n<p>F\u00fcr unsere Gesch\u00e4ftskunden haben wir im Hotel al Nuovo Porto einen Raum f\u00fcr diejenigen auf Gesch\u00e4ftsreisen geschaffen, die Kunden und Lieferanten treffen wollen!<\/p>\n<p>Sie k\u00f6nnen Ihr B\u00fcro einfach buchen. Keine langweiligen Meetings mehr in traurigen, gleich aussehenden R\u00e4umen! F\u00fcr Meetings w\u00e4hlen Sie unseren PERSONAL OFFICE Service und wenn Sie sich nach der Arbeit entspannen m\u00f6chten, k\u00f6nnen Sie einen Drink in unserer Bar genie\u00dfen.<\/p>\n<p>M\u00f6chten Sie mehr erfahren?<\/p>\n<table style=\"height: 55px;width: 165px;border-color: #ebcc1c;background-color: #edd51f\">\n<tbody>\n<tr>\n<td style=\"width: 155px\">\u00a0<a href=\"#form-contatti\">Kontaktieren Sie uns<\/a><\/td>\n<\/tr>\n<\/tbody>\n<\/table>\n","protected":false},"excerpt":{"rendered":"<p>Die Halle des Hotels al Nuovo Porto wurde so konzipiert, damit Sie sich empfangen f\u00fchlen, das zeigen auch tats\u00e4chlich die gro\u00dfen Fl\u00e4chen. Es ist den idealen Treffpunkt, wo Sie miteinander reden k\u00f6nnen, am Computer arbeiten k\u00f6nnen,im Internet Kontakte kn\u00fcpfen oder wo Sie erz\u00e4hlen k\u00f6nnen, was Sie erleben. Die Atmosph\u00e4re des Hotels bietet Ihnen die M\u00f6glichkeit an, sich zu entspannen; es ist eine Wiege f\u00fcr Ideen, Verbindungen und Freundschaften. VERBINDUNGEN Zeitschriften &#8230;<\/p>\n","protected":false},"author":4,"featured_media":0,"parent":0,"menu_order":5,"comment_status":"closed","ping_status":"closed","template":"","meta":[],"acf":[],"_links":{"self":[{"href":"https:\/\/www.hotelalnuovoporto.it\/de\/wp-json\/wp\/v2\/pages\/2833\/"}],"collection":[{"href":"https:\/\/www.hotelalnuovoporto.it\/de\/wp-json\/wp\/v2\/pages\/"}],"about":[{"href":"https:\/\/www.hotelalnuovoporto.it\/de\/wp-json\/wp\/v2\/types\/page\/"}],"author":[{"embeddable":true,"href":"https:\/\/www.hotelalnuovoporto.it\/de\/wp-json\/wp\/v2\/users\/4\/"}],"replies":[{"embeddable":true,"href":"https:\/\/www.hotelalnuovoporto.it\/de\/wp-json\/wp\/v2\/comments\/?post=2833"}],"version-history":[{"count":0,"href":"https:\/\/www.hotelalnuovoporto.it\/de\/wp-json\/wp\/v2\/pages\/2833\/revisions\/"}],"wp:attachment":[{"href":"https:\/\/www.hotelalnuovoporto.it\/de\/wp-json\/wp\/v2\/media\/?parent=2833"}],"curies":[{"name":"wp","href":"https:\/\/api.w.org\/{rel}","templated":true}]}}