{"id":2624,"date":"2017-04-07T12:24:04","date_gmt":"2017-04-07T10:24:04","guid":{"rendered":"http:\/\/www.hotelalnuovoporto.it\/camere-vista-mare\/"},"modified":"2019-03-01T09:47:03","modified_gmt":"2019-03-01T08:47:03","slug":"designzimmer","status":"publish","type":"page","link":"https:\/\/www.hotelalnuovoporto.it\/de\/designzimmer\/","title":{"rendered":"Designzimmer mit Balkon"},"content":{"rendered":"<p>Alle Zimmer im Hotel al Nuovo Porto sind mit allem Komfort ausgestattet. Wir garantieren Ihnen einen Urlaub mit Entspannung und Wohlbefinden an der adriatischen K\u00fcste. Moderne Designelemente, raffinierte Eleganz und Minimalismus, z. B. nat\u00fcrliches Holz, Teiler Vert\u00e4felungen, LED-Beleuchtung, alles ist f\u00fcr eine warme und harmonische Aufenthalt ausgestattet.<\/p>\n<h2 style=\"text-align: center;\"><span lang=\"de\">Sie sind in zwei Arten unterteilt:<\/span><\/h2>\n","protected":false},"excerpt":{"rendered":"<p>Alle Zimmer im Hotel al Nuovo Porto sind mit allem Komfort ausgestattet. Wir garantieren Ihnen einen Urlaub mit Entspannung und Wohlbefinden an der adriatischen K\u00fcste. Moderne Designelemente, raffinierte Eleganz und Minimalismus, z. B. nat\u00fcrliches Holz, Teiler Vert\u00e4felungen, LED-Beleuchtung, alles ist f\u00fcr eine warme und harmonische Aufenthalt ausgestattet. Sie sind in zwei Arten unterteilt:<\/p>\n","protected":false},"author":1,"featured_media":0,"parent":0,"menu_order":25,"comment_status":"closed","ping_status":"closed","template":"template\/template.tutta-pagina.php","meta":[],"acf":[],"_links":{"self":[{"href":"https:\/\/www.hotelalnuovoporto.it\/de\/wp-json\/wp\/v2\/pages\/2624\/"}],"collection":[{"href":"https:\/\/www.hotelalnuovoporto.it\/de\/wp-json\/wp\/v2\/pages\/"}],"about":[{"href":"https:\/\/www.hotelalnuovoporto.it\/de\/wp-json\/wp\/v2\/types\/page\/"}],"author":[{"embeddable":true,"href":"https:\/\/www.hotelalnuovoporto.it\/de\/wp-json\/wp\/v2\/users\/1\/"}],"replies":[{"embeddable":true,"href":"https:\/\/www.hotelalnuovoporto.it\/de\/wp-json\/wp\/v2\/comments\/?post=2624"}],"version-history":[{"count":0,"href":"https:\/\/www.hotelalnuovoporto.it\/de\/wp-json\/wp\/v2\/pages\/2624\/revisions\/"}],"wp:attachment":[{"href":"https:\/\/www.hotelalnuovoporto.it\/de\/wp-json\/wp\/v2\/media\/?parent=2624"}],"curies":[{"name":"wp","href":"https:\/\/api.w.org\/{rel}","templated":true}]}}