{"id":204,"date":"2016-07-29T12:11:55","date_gmt":"2016-07-29T10:11:55","guid":{"rendered":"http:\/\/www.hotelalnuovoporto.it\/pagina-di-esempio\/"},"modified":"2018-04-05T20:41:15","modified_gmt":"2018-04-05T18:41:15","slug":"pagina-di-esempio","status":"publish","type":"page","link":"https:\/\/www.hotelalnuovoporto.it\/de\/","title":{"rendered":"Ihr 3 Sterne Hotel am Strand &#8211; Hotel al Nuovo Porto!"},"content":{"rendered":"<h2><span lang=\"DE\"><span style=\"color: #000000;font-family: Calibri\">Ihr Bett, Ihr Fr\u00fchst\u00fcck &amp; Ihr Brunch.<\/span><\/span><\/h2>\n<p><span lang=\"DE\"><span style=\"color: #000000;font-family: Calibri\">Direkt am Meer in Bellaria Igea Marina<\/span><\/span><\/p>\n<p><span lang=\"DE\"><span style=\"color: #000000;font-family: Calibri\">Herzlich willkommen im Hotel al Nuovo Porto, ein Ort, an dem man sich von bewegenden Erlebnissen berauschen lassen kann. <\/span><\/span><\/p>\n<p><span lang=\"DE\"><span style=\"color: #000000;font-family: Calibri\">Unter Begr\u00fc\u00dfung verstehen wir, uns um die G\u00e4ste zu k\u00fcmmern, damit sie sich von den fr\u00fchen Morgenstunden an rundum betreut wissen.<\/span><\/span><\/p>\n<p><span lang=\"DE\"><span style=\"color: #000000;font-family: Calibri\">Der Duft von selbstgemachtem Kuchen, luftigen Pfannkuchen, die wir t\u00e4glich aus frischer Milch, Butter und Mehl f\u00fcr Sie zubereiten, soll Ihnen den Morgen vers\u00fc\u03b2en. Zudem sorgt das reichhaltige Fr\u00fchst\u00fccksbuffet, das es zus\u00e4tzlich zu dem Men\u00fc \u00e0 la carte gibt, f\u00fcr ausreichend Proviant, um in den Tag zu starten. <\/span><\/span><\/p>\n<p><span lang=\"DE\"><span style=\"color: #000000;font-family: Calibri\">Meine Mitarbeiter und ich sind rund um die Uhr f\u00fcr Sie da, bereit zuzuh\u00f6ren und Ihre W\u00fcnsche zu erf\u00fcllen!<\/span><\/span><\/p>\n<p><span lang=\"DE\"><span style=\"color: #000000;font-family: Calibri\">Mit unserem Hotel haben Sie die beste Wahl f\u00fcr einen entspannten Urlaub getroffen!<\/span><\/span><\/p>\n<p><strong><span lang=\"DE\"><span style=\"color: #000000;font-family: Calibri\">Willkommen in der Wohlf\u00fchloase&#8230;&#8230;<\/span><\/span><\/strong><\/p>\n","protected":false},"excerpt":{"rendered":"<p>Ihr Bett, Ihr Fr\u00fchst\u00fcck &amp; Ihr Brunch. Direkt am Meer in Bellaria Igea Marina Herzlich willkommen im Hotel al Nuovo Porto, ein Ort, an dem man sich von bewegenden Erlebnissen berauschen lassen kann. Unter Begr\u00fc\u00dfung verstehen wir, uns um die G\u00e4ste zu k\u00fcmmern, damit sie sich von den fr\u00fchen Morgenstunden an rundum betreut wissen. Der Duft von selbstgemachtem Kuchen, luftigen Pfannkuchen, die wir t\u00e4glich aus frischer Milch, Butter und Mehl &#8230;<\/p>\n","protected":false},"author":1,"featured_media":0,"parent":0,"menu_order":10,"comment_status":"closed","ping_status":"open","template":"","meta":[],"acf":[],"_links":{"self":[{"href":"https:\/\/www.hotelalnuovoporto.it\/de\/wp-json\/wp\/v2\/pages\/204\/"}],"collection":[{"href":"https:\/\/www.hotelalnuovoporto.it\/de\/wp-json\/wp\/v2\/pages\/"}],"about":[{"href":"https:\/\/www.hotelalnuovoporto.it\/de\/wp-json\/wp\/v2\/types\/page\/"}],"author":[{"embeddable":true,"href":"https:\/\/www.hotelalnuovoporto.it\/de\/wp-json\/wp\/v2\/users\/1\/"}],"replies":[{"embeddable":true,"href":"https:\/\/www.hotelalnuovoporto.it\/de\/wp-json\/wp\/v2\/comments\/?post=204"}],"version-history":[{"count":0,"href":"https:\/\/www.hotelalnuovoporto.it\/de\/wp-json\/wp\/v2\/pages\/204\/revisions\/"}],"wp:attachment":[{"href":"https:\/\/www.hotelalnuovoporto.it\/de\/wp-json\/wp\/v2\/media\/?parent=204"}],"curies":[{"name":"wp","href":"https:\/\/api.w.org\/{rel}","templated":true}]}}