{"id":195,"date":"2018-02-09T10:36:42","date_gmt":"2018-02-09T09:36:42","guid":{"rendered":"http:\/\/www.hotelalnuovoporto.it\/i-vantaggi\/"},"modified":"2018-04-05T21:20:14","modified_gmt":"2018-04-05T19:20:14","slug":"service-im-hotel-al-nuovo-porto","status":"publish","type":"page","link":"https:\/\/www.hotelalnuovoporto.it\/de\/service-im-hotel-al-nuovo-porto\/","title":{"rendered":"Service im Hotel al Nuovo Porto"},"content":{"rendered":"<h2>Sie k\u00f6nnen selbst bestimmen, ob Sie hier eher einen entspannten Urlaub verbringen m\u00f6chten, oder sich auf die Suche nach Abenteuern begeben m\u00f6chten. Wie auch immer Sie Ihren Urlaub gestalten m\u00f6chten, stehen wir Ihnen rund um die Uhr zur Verf\u00fcgung<\/h2>\n<div style=\"float: left;padding-right: 25px\"><img loading=\"lazy\" class=\"wp-image-181 alignleft\" src=\"http:\/\/www.hotelalnuovoporto.it\/wp-content\/uploads\/2018\/02\/quick-bar.png\" alt=\"\" width=\"184\" height=\"186\" \/><\/div>\n<p style=\"padding-top: 70px\">Unsere Quick Bar ist 24 Stunden am Tag f\u00fcr Sie ge\u00f6ffnet, um Sie mit leckeren Speisen zu versorgen.<\/p>\n<div style=\"clear: both;padding: 20px 0px\"><\/div>\n<div style=\"float: left;padding-right: 25px\">\n<p><img loading=\"lazy\" class=\"alignleft wp-image-226 size-full\" src=\"http:\/\/www.hotelalnuovoporto.it\/wp-content\/uploads\/2018\/03\/DE_Breakfast.png\" alt=\"\" width=\"184\" height=\"186\" \/><\/p>\n<p>Tendieren Sie eher dazu im Urlaub auszuschlafen? Kein Problem! <strong>Unser Fr\u00fchst\u00fccksbuffet ist bis 13 Uhr f\u00fcr Sie ge\u00f6ffnet.<br \/>\n<\/strong>Bei uns steht das Wohlbefinden unserer G\u00e4ste im Vordergrund, deshalb passen wir uns an Sie an und bieten Ihnen einen herausragenden Service und erstklassige Produkte. So werden unsere Gerichte allesamt im Hause zubereitet und nur nat\u00fcrliche und frische Zutaten aus der Region verwendet. Dabei nehmen wir gro\u00dfe R\u00fccksicht auf Ihre individuellen Bed\u00fcrfnisse und stellen Ihnen u. a. eine gro\u00dfe Auswahl an Bio-Produkten sowie glutenfreien Lebensmitteln zur Verf\u00fcgung. Ganz im Sinne eines erholsamen Urlaubs findet bei uns der <strong>Late Check-out erst um 13 Uhr statt.<\/strong><\/p>\n<\/div>\n<div style=\"clear: both;padding: 10px 0px\"><\/div>\n<div style=\"float: left;padding-right: 25px\"><img loading=\"lazy\" class=\"alignleft wp-image-183\" src=\"http:\/\/www.hotelalnuovoporto.it\/wp-content\/uploads\/2018\/02\/wifi.png\" alt=\"\" width=\"184\" height=\"189\" \/><\/div>\n<p style=\"padding-top: 70px\"><strong>Stay connected!<\/strong> Mal schnell ins Internet? Daf\u00fcr steht Ihnen in unserer gem\u00fctlichen Social Lounge kostenlos WLAN zur Verf\u00fcgung.<\/p>\n","protected":false},"excerpt":{"rendered":"<p>Sie k\u00f6nnen selbst bestimmen, ob Sie hier eher einen entspannten Urlaub verbringen m\u00f6chten, oder sich auf die Suche nach Abenteuern begeben m\u00f6chten. Wie auch immer Sie Ihren Urlaub gestalten m\u00f6chten, stehen wir Ihnen rund um die Uhr zur Verf\u00fcgung Unsere Quick Bar ist 24 Stunden am Tag f\u00fcr Sie ge\u00f6ffnet, um Sie mit leckeren Speisen zu versorgen. Tendieren Sie eher dazu im Urlaub auszuschlafen? Kein Problem! Unser Fr\u00fchst\u00fccksbuffet ist bis &#8230;<\/p>\n","protected":false},"author":1,"featured_media":0,"parent":0,"menu_order":19,"comment_status":"closed","ping_status":"closed","template":"","meta":[],"acf":[],"_links":{"self":[{"href":"https:\/\/www.hotelalnuovoporto.it\/de\/wp-json\/wp\/v2\/pages\/195\/"}],"collection":[{"href":"https:\/\/www.hotelalnuovoporto.it\/de\/wp-json\/wp\/v2\/pages\/"}],"about":[{"href":"https:\/\/www.hotelalnuovoporto.it\/de\/wp-json\/wp\/v2\/types\/page\/"}],"author":[{"embeddable":true,"href":"https:\/\/www.hotelalnuovoporto.it\/de\/wp-json\/wp\/v2\/users\/1\/"}],"replies":[{"embeddable":true,"href":"https:\/\/www.hotelalnuovoporto.it\/de\/wp-json\/wp\/v2\/comments\/?post=195"}],"version-history":[{"count":0,"href":"https:\/\/www.hotelalnuovoporto.it\/de\/wp-json\/wp\/v2\/pages\/195\/revisions\/"}],"wp:attachment":[{"href":"https:\/\/www.hotelalnuovoporto.it\/de\/wp-json\/wp\/v2\/media\/?parent=195"}],"curies":[{"name":"wp","href":"https:\/\/api.w.org\/{rel}","templated":true}]}}